{"id":269,"date":"2025-08-29T11:58:55","date_gmt":"2025-08-29T11:58:55","guid":{"rendered":"https:\/\/www.avcrossrental.com\/privacy-policy\/"},"modified":"2025-10-10T09:11:45","modified_gmt":"2025-10-10T09:11:45","slug":"privacy-policy","status":"publish","type":"page","link":"https:\/\/www.avcrossrental.com\/pt-pt\/privacy-policy\/","title":{"rendered":"Pol\u00edtica de Privacidade"},"content":{"rendered":"\n<ol class=\"wp-block-list\">\n<li>1.Informa\u00e7\u00e3o Geral<br\/>\n  <br\/>\n    <br\/>De seguida, fornecemos informa\u00e7\u00f5es sobre a recolha de dados pessoais ao utilizar a nossa plataforma web AVCrossRental.<br\/><br\/><br\/>Dados pessoais s\u00e3o todas as informa\u00e7\u00f5es que podem estar relacionadas contigo pessoalmente, como o nome, morada, endere\u00e7os de email, informa\u00e7\u00f5es profissionais, invent\u00e1rio de produtos ou o seu comportamento enquanto utilizador.<br\/><br\/><br\/>Respons\u00e1vel pelo tratamento de dados:<br\/>Midwich Iberia S.A.U.<br\/>C\/ Miguel Hern\u00e1ndez, 69<br\/>08908 L\u2019Hospitalet de Llobregat (Barcelona)\n  \n<br\/><\/li>\n<\/ol>\n\n<p>2. Contacto com o DPO<br\/>Podes entrar em contacto com o nosso delegado de prote\u00e7\u00e3o de dados (DPO) da seguinte maneira:<br\/>Ignasi \u00c1lvarez Garriga<\/p>\n\n<p>Delegado de Prote\u00e7\u00e3o de Dados<br\/>C\/ Miguel Hern\u00e1ndez, 69<br\/>08908 L\u2019Hospitalet de Llobregat (Barcelona)<br\/>\ud83d\udce7 gdpr@earpro.es<br\/><\/p>\n\n<p><strong>3. Uso Geral do Site<\/strong><\/p>\n\n<p>Se utilizares o site apenas para fins informativos, sem te registares, recolhemos apenas os dados t\u00e9cnicos que o teu navegador envia ao nosso servidor, necess\u00e1rios para mostrar o site e garantir a seguran\u00e7a (como endere\u00e7o IP, sistema operativo, tipo de navegador, data e hora de acesso, etc.).<br\/><\/p>\n\n<p>A base legal \u00e9 o nosso interesse leg\u00edtimo (artigo 6.\u00ba, n.\u00ba 1.f RGPD).<br\/><\/p>\n\n<p><strong>4. Registo na Plataforma AVCrossRental<\/strong><\/p>\n\n<p>Para participares na plataforma e aceder a todas as suas funcionalidades, \u00e9 necess\u00e1rio registares-te e criar uma conta de utilizador.<\/p>\n\n<p>No registo, recolhemos e tratamos os seguintes dados:<\/p>\n\n<ul class=\"wp-block-list\">\n<li>Nome e apelidos<\/li>\n\n\n\n<li>Empresa<\/li>\n\n\n\n<li>Endere\u00e7o de email<\/li>\n\n\n\n<li>Contacto telef\u00f3nico<\/li>\n\n\n\n<li>Palavra-passe de acesso<\/li>\n\n\n\n<li>Informa\u00e7\u00e3o profissional e invent\u00e1rio de produtos que decidas publicar<\/li>\n<\/ul>\n\n<p>Estes dados s\u00e3o usados para:<\/p>\n\n<ul class=\"wp-block-list\">\n<li>Verificar a tua identidade como utilizador registado<\/li>\n\n\n\n<li>Garantir o teu acesso ao sistema<\/li>\n\n\n\n<li>Permitir a visualiza\u00e7\u00e3o dos teus dados e invent\u00e1rio a outros utilizadores registados, com o objetivo de criar oportunidades de neg\u00f3cio em conjunto.<\/li>\n<\/ul>\n\n<p>\ud83d\udc49 Importante: A informa\u00e7\u00e3o que carregues voluntariamente (por exemplo, invent\u00e1rio de produtos, nome da empresa ou dados de contacto profissional) ser\u00e1 vis\u00edvel para outros membros registados na plataforma, uma vez que este \u00e9 o principal objetivo da AVCrossRental.<\/p>\n\n<p>A base legal para este tratamento \u00e9:<\/p>\n\n<ul class=\"wp-block-list\">\n<li>Execu\u00e7\u00e3o da rela\u00e7\u00e3o contratual (art. 6.1.b RGPD)<\/li>\n\n\n\n<li>Consentimento expresso relativamente \u00e0 publica\u00e7\u00e3o de dados vis\u00edveis a terceiros (art. 6.1.a RGPD)<\/li>\n<\/ul>\n\n<p><strong>5. Conserva\u00e7\u00e3o dos Dados<\/strong><\/p>\n\n<p>Os teus dados ser\u00e3o conservados enquanto mantiveres a tua conta ativa na plataforma. Podes solicitar a elimina\u00e7\u00e3o da tua conta a qualquer momento, ap\u00f3s o que eliminaremos as tuas informa\u00e7\u00f5es, exceto aquelas que somos obrigados a manter por for\u00e7a da lei. <\/p>\n\n<p><strong>6. Comunica\u00e7\u00f5es<\/strong><\/p>\n\n<p>No \u00e2mbito da utiliza\u00e7\u00e3o do AVCrossRental, poderemos enviar-te comunica\u00e7\u00f5es relacionadas com:<\/p>\n\n<ul class=\"wp-block-list\">\n<li>O funcionamento da plataforma<\/li>\n\n\n\n<li>Atualiza\u00e7\u00f5es dos servi\u00e7os<\/li>\n\n\n\n<li>Oportunidades de colabora\u00e7\u00e3o ou novos produtos<\/li>\n<\/ul>\n\n<p>Se tamb\u00e9m desejares receber newsletters comerciais, dever\u00e1s dar o teu consentimento expresso (double opt-in).<\/p>\n\n<p><strong>7. Os teus Direitos<\/strong><\/p>\n\n<p>Tens direito a<\/p>\n\n<ul class=\"wp-block-list\">\n<li>Aceder aos teus dados pessoais<\/li>\n\n\n\n<li>Retificar os dados incorretos ou incompletos<\/li>\n\n\n\n<li>Solicitar a elimina\u00e7\u00e3o dos teus dados quando j\u00e1 n\u00e3o forem necess\u00e1rios<\/li>\n\n\n\n<li>Limitar o tratamento em determinados casos<\/li>\n\n\n\n<li>Opores-te ao tratamento, especialmente em casos de marketing direto<\/li>\n\n\n\n<li>Solicitar a portabilidade dos teus dados para outro fornecedor<\/li>\n<\/ul>\n\n<p>Podes exercer estes direitos enviando um e-mail para: <strong>gdpr@earpro.es<\/strong><\/p>\n\n<p>Al\u00e9m disso, tens o direito de apresentar uma reclama\u00e7\u00e3o junto da Ag\u00eancia Espanhola de Prote\u00e7\u00e3o de Dados (AEPD) ou outra autoridade competente<\/p>\n\n<p><strong>8. Transfer\u00eancia de Dados a Terceiros<\/strong><\/p>\n\n<p>Os dados introduzidos na plataforma poder\u00e3o ser vis\u00edveis para outros utilizadores registados, com o objetivo de facilitar a colabora\u00e7\u00e3o entre empresas e profissionais AV.<\/p>\n\n<p>N\u00e3o transferiremos os teus dados a terceiros externos \u00e0 plataforma sem o teu consentimento, salvo por obriga\u00e7\u00e3o legal ou presta\u00e7\u00e3o necess\u00e1ria para o servi\u00e7o (ex. fornecedores tecnol\u00f3gicos).<\/p>\n\n<p>Em alguns casos, podemos utilizar fornecedores que processam dados fora da UE\/EEE. Garantimos que exista um n\u00edvel adequado de prote\u00e7\u00e3o (ex. cl\u00e1usulas contratuais padr\u00e3o da UE). <\/p>\n\n<p><strong>9. Cookies<\/strong><\/p>\n\n<p>A plataforma utiliza cookies t\u00e9cnicas necess\u00e1rias para o seu funcionamento e, com o teu consentimento, cookies de an\u00e1lise e acompanhamento (ex. Google Analytics, Meta Pixel, LinkedIn Insight Tag) para melhorar a experi\u00eancia do utilizador.<\/p>\n\n<p>Podes configurar as tuas prefer\u00eancias ou desativar as cookies a qualquer momento atrav\u00e9s do teu navegador.<\/p>\n\n<p><strong>10. Seguran\u00e7a<\/strong><\/p>\n\n<p>Aplicamos medidas de seguran\u00e7a t\u00e9cnicas e organizativas para proteger os teus dados contra acessos n\u00e3o autorizados, perda ou destrui\u00e7\u00e3o acidental, garantindo um n\u00edvel de prote\u00e7\u00e3o adequado ao risco.<\/p>\n\n<p><strong>11. Altera\u00e7\u00f5es na Pol\u00edtica de Privacidade<\/strong><\/p>\n\n<p>Reservamo-nos o direito de modificar esta Pol\u00edtica de Privacidade para a adaptar a futuras novidades legais ou a altera\u00e7\u00f5es na pr\u00f3pria plataforma. As vers\u00f5es atualizadas estar\u00e3o sempre dispon\u00edveis nesta p\u00e1gina. <\/p>\n\n<p><\/p>\n","protected":false},"excerpt":{"rendered":"<p>2. Contacto com o DPOPodes entrar em contacto com o nosso delegado de prote\u00e7\u00e3o de dados (DPO) da seguinte maneira:Ignasi \u00c1lvarez Garriga Delegado de Prote\u00e7\u00e3o de DadosC\/ Miguel Hern\u00e1ndez, 6908908 L\u2019Hospitalet de Llobregat (Barcelona)\ud83d\udce7 gdpr@earpro.es 3. Uso Geral do Site Se utilizares o site apenas para fins informativos, sem te registares, recolhemos apenas os dados &hellip; <a href=\"https:\/\/www.avcrossrental.com\/pt-pt\/privacy-policy\/\">Continued<\/a><\/p>\n","protected":false},"author":1,"featured_media":0,"parent":0,"menu_order":0,"comment_status":"closed","ping_status":"closed","template":"","meta":{"_acf_changed":false,"footnotes":""},"class_list":["post-269","page","type-page","status-publish","hentry"],"acf":[],"_links":{"self":[{"href":"https:\/\/www.avcrossrental.com\/pt-pt\/wp-json\/wp\/v2\/pages\/269","targetHints":{"allow":["GET"]}}],"collection":[{"href":"https:\/\/www.avcrossrental.com\/pt-pt\/wp-json\/wp\/v2\/pages"}],"about":[{"href":"https:\/\/www.avcrossrental.com\/pt-pt\/wp-json\/wp\/v2\/types\/page"}],"author":[{"embeddable":true,"href":"https:\/\/www.avcrossrental.com\/pt-pt\/wp-json\/wp\/v2\/users\/1"}],"replies":[{"embeddable":true,"href":"https:\/\/www.avcrossrental.com\/pt-pt\/wp-json\/wp\/v2\/comments?post=269"}],"version-history":[{"count":3,"href":"https:\/\/www.avcrossrental.com\/pt-pt\/wp-json\/wp\/v2\/pages\/269\/revisions"}],"predecessor-version":[{"id":286,"href":"https:\/\/www.avcrossrental.com\/pt-pt\/wp-json\/wp\/v2\/pages\/269\/revisions\/286"}],"wp:attachment":[{"href":"https:\/\/www.avcrossrental.com\/pt-pt\/wp-json\/wp\/v2\/media?parent=269"}],"curies":[{"name":"wp","href":"https:\/\/api.w.org\/{rel}","templated":true}]}}